{"id":864,"date":"2018-08-01T03:10:17","date_gmt":"2018-08-01T03:10:17","guid":{"rendered":"https:\/\/eapvietnam.com\/home\/"},"modified":"2023-10-17T07:02:30","modified_gmt":"2023-10-17T07:02:30","slug":"home","status":"publish","type":"page","link":"https:\/\/eapvietnam.com\/en\/","title":{"rendered":"Home"},"content":{"rendered":"<section class=\"wpb-content-wrapper\"><p>[vc_row el_id=&#8221;section-home&#8221;][vc_column][rev_slider_vc alias=&#8221;home&#8221; arrow_style=&#8221;style2&#8243;][\/vc_column][\/vc_row][vc_row full_width=&#8221;stretch_row&#8221; css=&#8221;.vc_custom_1533273812746{padding-top: 100px !important;padding-bottom: 30px !important;}&#8221;][vc_column width=&#8221;1\/2&#8243; css=&#8221;.vc_custom_1533273818654{padding-top: 0px !important;padding-bottom: 40px !important;}&#8221;][cms_overlay text_top=&#8221;-11.5%&#8221; text_left=&#8221;-11%&#8221; text_color=&#8221;#f7f7f8&#8243; text_font_size=&#8221;198&#8243; text=&#8221;CASE STUDY&#8221;][vc_single_image image=&#8221;595&#8243; img_size=&#8221;full&#8221; css_animation=&#8221;fadeInLeft&#8221; css=&#8221;.vc_custom_1533265282947{margin-bottom: 0px !important;}&#8221;][\/vc_column][vc_column css_animation=&#8221;none&#8221; width=&#8221;1\/2&#8243; css=&#8221;.vc_custom_1533273824006{padding-top: 40px !important;padding-bottom: 40px !important;}&#8221;][cms_heading text=&#8221;Vision to plan&#8221; font_weight=&#8221;600&#8243; text_color=&#8221;#0f2142&#8243; description=&#8221;Lorem ipsum dolor sit amet, consectetur adipiscing elit, sed do eiusmod tempor incididunt ut labore et dolore magna aliqua. Ut enim ad minim veniam, quis nostrud exercitation ullamco.&#8221; description_color=&#8221;#7a7a7a&#8221; margin_top=&#8221;28&#8243; margin_bottom=&#8221;13&#8243;][vc_empty_space height=&#8221;19px&#8221;][cms_list cms_list=&#8221;%5B%7B%22cms_list_item%22%3A%22Ut%20perspiciatis%20unde%20omnis%20iste%20natus%20error%20sit%20volupt%20atem.%22%7D%2C%7B%22cms_list_item%22%3A%22Accusantium%20dolorem%20que%20laudantium%20totam%20rem%22%7D%2C%7B%22cms_list_item%22%3A%22Eaque%20ipsa%20quae%20ab%20illo%20inventore%20veritatis%20et%20quasi%22%7D%5D&#8221;][\/vc_column][\/vc_row][vc_row full_width=&#8221;stretch_row_content_no_spaces&#8221; equal_height=&#8221;yes&#8221; content_placement=&#8221;middle&#8221; el_id=&#8221;gioi-thieu&#8221;][vc_column ct_column_class=&#8221;rm-padding-lg&#8221; ct_column_offset=&#8221;col-offset-left&#8221; css=&#8221;.vc_custom_1533208390231{padding-top: 100px !important;padding-right: 60px !important;padding-bottom: 100px !important;}&#8221; offset=&#8221;vc_col-lg-6 vc_col-md-6&#8243;][cms_heading text=&#8221;C\u00d4NG TY TNHH D\u1ecaCH V\u1ee4 T\u01af V\u1ea4N V\u00c0 GI\u1ea2I PH\u00c1P T\u00c2M L\u00dd PSYCHUB&#8221; font_size=&#8221;26&#8243; font_size_md=&#8221;26&#8243; font_size_sm=&#8221;26&#8243; font_size_xs=&#8221;26&#8243; line_height=&#8221;38&#8243; line_height_md=&#8221;38&#8243; line_height_sm=&#8221;38&#8243; line_height_xs=&#8221;38&#8243; font_weight=&#8221;500&#8243; text_color=&#8221;#ffffff&#8221; description=&#8221;T\u00ean Ti\u1ebfng Anh: PSYCHUB Consulting and Psychological Solutions Co., Ltd.<br \/>\nTr\u1ee5 s\u1edf ch\u00ednh: SH07, Th\u00e1p Aqua 2, T\u00f2a nh\u00e0 Vinhomes Golden River (Vinhome Ba Son)<br \/>\nL\u0129nh v\u1ef1c chuy\u00ean m\u00f4n: Ph\u00f2ng t\u00e2m l\u00fd Saigon chuy\u00ean tham v\u1ea5n \u2013 tr\u1ecb li\u1ec7u t\u00e2m l\u00fd v\u1edbi c\u00e1c r\u1ed1i lo\u1ea1n tr\u1ea7m c\u1ea3m, lo \u00e2u, r\u1ed1i lo\u1ea1n \u00e1m \u1ea3nh c\u01b0\u1ee1ng ch\u1ebf (OCD), stress, can thi\u1ec7p cho tr\u1ebb t\u1ef1 k\u1ef7, ch\u1eadm n\u00f3i, t\u0103ng \u0111\u1ed9ng. \u0110\u1eb7c bi\u1ec7t Psychub c\u00f2n \u0111\u00e0o t\u1ea1o v\u00e0 gi\u00e1m s\u00e1t chuy\u00ean m\u00f4n cho nh\u00e0 th\u1ef1c h\u00e0nh v\u00e0 h\u1ed7 tr\u1ee3 ch\u0103m s\u00f3c t\u00e2m l\u00fd trong doanh nghi\u1ec7p v\u00e0 t\u1ed5 ch\u1ee9c.&#8221; description_font_size=&#8221;16&#8243; description_line_height=&#8221;26&#8243; description_color=&#8221;#ffffff&#8221;][cms_overlay color=&#8221;gradient&#8221; flip=&#8221;vertical&#8221; position=&#8221;in-column&#8221; text_top=&#8221;9%&#8221; text_left=&#8221;-11%&#8221; width=&#8221;50&#8243; text=&#8221;About&#8221;][\/vc_column][vc_column parallax=&#8221;content-moving&#8221; parallax_image=&#8221;716&#8243; parallax_speed_bg=&#8221;1&#8243; css=&#8221;.vc_custom_1655807310816{padding-top: 0px !important;padding-bottom: 0px !important;}&#8221; offset=&#8221;vc_col-lg-6 vc_col-md-6&#8243;][cms_video_player video_link=&#8221;youtube.com\/watch?v=SF4aHwxHtZ0&#8243; btn_style=&#8221;style2&#8243; btn_absolute=&#8221;yes&#8221;][cms_space space_lg=&#8221;600&#8243; space_md=&#8221;600&#8243; space_sm=&#8221;600&#8243; space_xs=&#8221;400&#8243;][\/vc_column][\/vc_row][vc_row full_width=&#8221;stretch_row_content_no_spaces&#8221; equal_height=&#8221;yes&#8221; content_placement=&#8221;middle&#8221; el_id=&#8221;dich-vu&#8221; css=&#8221;.vc_custom_1655707511780{padding-top: 60px !important;}&#8221;][vc_column][vc_row_inner css=&#8221;.vc_custom_1533029482776{padding-top: 0px !important;padding-bottom: 25px !important;}&#8221;][vc_column_inner width=&#8221;1\/4&#8243;][\/vc_column_inner][vc_column_inner width=&#8221;1\/2&#8243;][cms_heading text=&#8221;D\u1ecbch v\u1ee5&#8221; align_lg=&#8221;align-center&#8221; align_md=&#8221;align-center-md&#8221; align_sm=&#8221;align-center-sm&#8221; align_xs=&#8221;align-center-xs&#8221; font_size=&#8221;36&#8243; font_size_md=&#8221;36&#8243; font_size_sm=&#8221;36&#8243; font_size_xs=&#8221;36&#8243; font_weight=&#8221;&#8221; text_color=&#8221;#092a48&#8243; margin_bottom=&#8221;14&#8243;][\/vc_column_inner][vc_column_inner width=&#8221;1\/4&#8243;][\/vc_column_inner][\/vc_row_inner][\/vc_column][\/vc_row][vc_row css=&#8221;.vc_custom_1658717752133{padding-bottom: 60px !important;}&#8221; el_class=&#8221;sec_services&#8221;][vc_column][vc_row_inner][vc_column_inner width=&#8221;1\/6&#8243;][vc_single_image image=&#8221;747&#8243; img_size=&#8221;medium&#8221; add_caption=&#8221;yes&#8221; alignment=&#8221;center&#8221; onclick=&#8221;custom_link&#8221; link=&#8221;#&#8221; el_class=&#8221;click_full_link&#8221;][vc_custom_heading text=&#8221;Tham v\u1ea5n &#8211; Tr\u1ecb li\u1ec7u&#8221; font_container=&#8221;tag:h3|text_align:center&#8221; use_theme_fonts=&#8221;yes&#8221;][\/vc_column_inner][vc_column_inner width=&#8221;1\/6&#8243;][vc_single_image image=&#8221;746&#8243; img_size=&#8221;medium&#8221; add_caption=&#8221;yes&#8221; alignment=&#8221;center&#8221; onclick=&#8221;custom_link&#8221; link=&#8221;#&#8221; el_class=&#8221;click_full_link&#8221;][vc_custom_heading text=&#8221;Can thi\u1ec7p Ph\u00e2n t\u00edch h\u00e0nh vi&#8221; font_container=&#8221;tag:h3|text_align:center&#8221; use_theme_fonts=&#8221;yes&#8221;][\/vc_column_inner][vc_column_inner width=&#8221;1\/6&#8243;][vc_single_image image=&#8221;745&#8243; img_size=&#8221;medium&#8221; add_caption=&#8221;yes&#8221; alignment=&#8221;center&#8221; onclick=&#8221;custom_link&#8221; link=&#8221;#&#8221; el_class=&#8221;click_full_link&#8221;][vc_custom_heading text=&#8221;Li\u1ec7u ph\u00e1p ngh\u1ec7 thu\u1eadt&#8221; font_container=&#8221;tag:h3|text_align:center&#8221; use_theme_fonts=&#8221;yes&#8221;][\/vc_column_inner][vc_column_inner width=&#8221;1\/6&#8243;][vc_single_image image=&#8221;744&#8243; img_size=&#8221;medium&#8221; add_caption=&#8221;yes&#8221; alignment=&#8221;center&#8221; onclick=&#8221;custom_link&#8221; link=&#8221;#&#8221; el_class=&#8221;click_full_link&#8221;][vc_custom_heading text=&#8221;Y khoa&#8221; font_container=&#8221;tag:h3|text_align:center&#8221; use_theme_fonts=&#8221;yes&#8221;][\/vc_column_inner][vc_column_inner width=&#8221;1\/6&#8243;][vc_single_image image=&#8221;743&#8243; img_size=&#8221;medium&#8221; add_caption=&#8221;yes&#8221; alignment=&#8221;center&#8221; onclick=&#8221;custom_link&#8221; link=&#8221;#&#8221; el_class=&#8221;click_full_link&#8221;][vc_custom_heading text=&#8221;Nhi khoa&#8221; font_container=&#8221;tag:h3|text_align:center&#8221; use_theme_fonts=&#8221;yes&#8221;][\/vc_column_inner][vc_column_inner width=&#8221;1\/6&#8243;][vc_single_image image=&#8221;742&#8243; img_size=&#8221;medium&#8221; add_caption=&#8221;yes&#8221; alignment=&#8221;center&#8221; onclick=&#8221;custom_link&#8221; link=&#8221;#&#8221; el_class=&#8221;click_full_link&#8221;][vc_custom_heading text=&#8221;C\u1ed1 v\u1ea5n&#8221; font_container=&#8221;tag:h3|text_align:center&#8221; use_theme_fonts=&#8221;yes&#8221;][\/vc_column_inner][\/vc_row_inner][\/vc_column][\/vc_row][vc_row disable_element=&#8221;yes&#8221; el_id=&#8221;chuyen-gia&#8221; css=&#8221;.vc_custom_1658717221713{padding-top: 60px !important;padding-bottom: 60px !important;}&#8221;][vc_column][cms_heading text=&#8221;Chuy\u00ean gia&#8221; tag=&#8221;h2&#8243; font_weight=&#8221;&#8221;][cms_team_grid content_list=&#8221;%5B%7B%22image%22%3A%22708%22%2C%22img_size%22%3A%22medium%22%2C%22title%22%3A%22Nguy%E1%BB%85n%20H%E1%BB%93ng%20%C3%82n%22%2C%22position%22%3A%22Th%E1%BA%A1c%20s%C4%A9%20Khoa%20h%E1%BB%8Dc%20T%C3%A2m%20l%C3%BD%22%2C%22social%22%3A%22%255B%257B%2522icon%2522%253A%2522fas%2520fa-plus%2522%252C%2522social_link%2522%253A%2522%2523%2522%257D%255D%22%7D%2C%7B%22image%22%3A%22709%22%2C%22img_size%22%3A%22medium%22%2C%22title%22%3A%22B%C3%B9i%20H%E1%BA%A3i%20Nguy%C3%AAn%22%2C%22position%22%3A%22Nh%C3%A0%20Ph%C3%A2n%20t%C3%ADch%20h%C3%A0nh%20vi%20-%20BCaBA%22%2C%22social%22%3A%22%255B%257B%2522icon%2522%253A%2522fas%2520fa-plus%2522%252C%2522social_link%2522%253A%2522%2523%2522%257D%255D%22%7D%2C%7B%22image%22%3A%22710%22%2C%22img_size%22%3A%22medium%22%2C%22title%22%3A%22Ph%E1%BA%A1m%20Ti%E1%BA%BFn%20D%C5%A9ng%22%2C%22position%22%3A%22Th%E1%BA%A1c%20s%C4%A9%20T%C3%A2m%20l%C3%BD%20h%E1%BB%8Dc%22%2C%22social%22%3A%22%255B%257B%2522icon%2522%253A%2522fas%2520fa-plus%2522%252C%2522social_link%2522%253A%2522%2523%2522%257D%255D%22%7D%2C%7B%22image%22%3A%22711%22%2C%22img_size%22%3A%22medium%22%2C%22title%22%3A%22Nguy%E1%BB%85n%20Th%E1%BB%8B%20Gia%20Ho%C3%A0ng%22%2C%22position%22%3A%22Th%E1%BA%A1c%20s%C4%A9%20T%C3%A2m%20l%C3%BD%20h%E1%BB%8Dc%22%2C%22social%22%3A%22%255B%257B%2522icon%2522%253A%2522fas%2520fa-plus%2522%252C%2522social_link%2522%253A%2522%2523%2522%257D%255D%22%7D%2C%7B%22image%22%3A%22713%22%2C%22img_size%22%3A%22medium%22%2C%22title%22%3A%22Nguy%E1%BB%85n%20%C4%90%E1%BB%A9c%20Nh%C6%B0%20Thu%E1%BB%B7%22%2C%22position%22%3A%22Th%E1%BA%A1c%20s%C4%A9%20Ngh%E1%BB%87%20thu%E1%BA%ADt%20tr%E1%BB%8B%20li%E1%BB%87u%20(Art%20Psychotherapist)%22%2C%22social%22%3A%22%255B%257B%2522icon%2522%253A%2522fas%2520fa-plus%2522%252C%2522social_link%2522%253A%2522%2523%2522%257D%255D%22%7D%2C%7B%22image%22%3A%22712%22%2C%22img_size%22%3A%22medium%22%2C%22title%22%3A%22Phan%20Ng%E1%BB%8Dc%20Thanh%20Tr%C3%A0%22%2C%22position%22%3A%22Th%E1%BA%A1c%20s%C4%A9%20T%C3%A2m%20l%C3%BD%20h%E1%BB%8Dc%22%2C%22social%22%3A%22%255B%257B%2522icon%2522%253A%2522fas%2520fa-plus%2522%252C%2522social_link%2522%253A%2522%2523%2522%257D%255D%22%7D%5D&#8221; title_color=&#8221;#000000&#8243; position_color=&#8221;#b09991&#8243; col_xs=&#8221;1&#8243; col_sm=&#8221;2&#8243; col_md=&#8221;3&#8243; col_lg=&#8221;3&#8243;][\/vc_column][\/vc_row][vc_row full_width=&#8221;stretch_row&#8221; css=&#8221;.vc_custom_1697526089562{background-color: #f5f5f5 !important;}&#8221; el_id=&#8221;chuyen-gia&#8221;][vc_column css=&#8221;.vc_custom_1533024239872{padding-top: 92px !important;padding-bottom: 96px !important;}&#8221;][vc_row_inner css=&#8221;.vc_custom_1533029482776{padding-top: 0px !important;padding-bottom: 25px !important;}&#8221;][vc_column_inner width=&#8221;1\/4&#8243;][\/vc_column_inner][vc_column_inner width=&#8221;1\/2&#8243;][cms_heading text=&#8221;IMPLEMENTED PROGRAMS&#8221; align_lg=&#8221;align-center&#8221; align_md=&#8221;align-center-md&#8221; align_sm=&#8221;align-center-sm&#8221; align_xs=&#8221;align-center-xs&#8221; font_size=&#8221;36&#8243; font_size_md=&#8221;36&#8243; font_size_sm=&#8221;36&#8243; font_size_xs=&#8221;36&#8243; font_weight=&#8221;&#8221; text_color=&#8221;#092a48&#8243; margin_bottom=&#8221;14&#8243;][\/vc_column_inner][vc_column_inner width=&#8221;1\/4&#8243;][\/vc_column_inner][\/vc_row_inner][cms_portfolio_grid cms_template=&#8221;cms_portfolio_grid&#8211;layout2.php&#8221; img_size=&#8221;1080&#215;1080&#8243; layout=&#8221;masonry&#8221; filter=&#8221;false&#8221; col_xs=&#8221;1&#8243; col_sm=&#8221;2&#8243; col_md=&#8221;3&#8243; col_lg=&#8221;3&#8243; custom_column=&#8221;true&#8221; cms_list_column=&#8221;%5B%7B%22custom_col_xs%22%3A%221%22%2C%22custom_col_sm%22%3A%222%22%2C%22custom_col_md%22%3A%223%22%2C%22custom_col_lg%22%3A%223%22%7D%2C%7B%22custom_col_xs%22%3A%221%22%2C%22custom_col_sm%22%3A%222%22%2C%22custom_col_md%22%3A%223%22%2C%22custom_col_lg%22%3A%223%22%7D%2C%7B%22custom_col_xs%22%3A%221%22%2C%22custom_col_sm%22%3A%222%22%2C%22custom_col_md%22%3A%223%22%2C%22custom_col_lg%22%3A%223%22%7D%2C%7B%22custom_col_xs%22%3A%221%22%2C%22custom_col_sm%22%3A%222%22%2C%22custom_col_md%22%3A%223%22%2C%22custom_col_lg%22%3A%223%22%7D%2C%7B%22custom_col_xs%22%3A%221%22%2C%22custom_col_sm%22%3A%222%22%2C%22custom_col_md%22%3A%223%22%2C%22custom_col_lg%22%3A%223%22%7D%2C%7B%22custom_col_xs%22%3A%221%22%2C%22custom_col_sm%22%3A%222%22%2C%22custom_col_md%22%3A%223%22%2C%22custom_col_lg%22%3A%223%22%7D%5D&#8221; el_class=&#8221;chuyen_gia_wrap&#8221;][\/vc_column][\/vc_row][vc_row full_width=&#8221;stretch_row&#8221; parallax=&#8221;content-moving&#8221; parallax_image=&#8221;619&#8243; parallax_speed_bg=&#8221;1.8&#8243; cms_row_class=&#8221;row-overlay&#8221; el_id=&#8221;testimonials&#8221;][vc_column css=&#8221;.vc_custom_1533269293640{padding-top: 100px !important;padding-bottom: 102px !important;}&#8221;][cms_overlay color=&#8221;gradient&#8221; flip=&#8221;vertical&#8221; gradient_color1=&#8221;rgba(34,106,203,0.88)&#8221; gradient_color2=&#8221;rgba(27,155,209,0.88)&#8221; width=&#8221;50&#8243;][cms_testimonial_carousel cms_template=&#8221;cms_testimonial_carousel&#8211;layout2.php&#8221; testimonial_item=&#8221;%5B%7B%22title%22%3A%22Jora%E2%80%99h%20El%20Mormont%22%2C%22position%22%3A%22Mormont%20Inc.%22%2C%22content%22%3A%22My%20project%20was%20a%20simple%20%26%20small%20task%2C%20but%20the%20persistence%20and%20determination%20of%20Westy%20team%20turned%20it%20into%20an%20awesome%20and%20great%20project%20which%20make%20me%20very%20happy%20with%20the%20result!%22%2C%22image%22%3A%22621%22%7D%2C%7B%22title%22%3A%22Fouad%20badawy%22%2C%22position%22%3A%22Tie%20Labs%20Inc%22%2C%22content%22%3A%22In%20my%20job%20as%20social%20media%20strategist%2C%20I%E2%80%99ve%20tried%20every%20analytics%20product%20on%20market%20and%20when%20I%20came%20across%20West%2C%20I%20was%20blown%20away%20immediately%20and%20great%20project%20which%20make%20me%20very!%22%2C%22image%22%3A%22213%22%7D%5D&#8221; col_xs=&#8221;1&#8243; col_sm=&#8221;1&#8243; col_md=&#8221;1&#8243; col_lg=&#8221;1&#8243; loop=&#8221;true&#8221; arrows=&#8221;true&#8221;][\/vc_column][\/vc_row][vc_row el_id=&#8221;blog&#8221;][vc_column css=&#8221;.vc_custom_1533029497307{padding-top: 92px !important;padding-bottom: 100px !important;}&#8221;][vc_row_inner css=&#8221;.vc_custom_1533029482776{padding-top: 0px !important;padding-bottom: 25px !important;}&#8221;][vc_column_inner width=&#8221;1\/4&#8243;][\/vc_column_inner][vc_column_inner width=&#8221;1\/2&#8243;][cms_heading text=&#8221;News &amp; Articles&#8221; align_lg=&#8221;align-center&#8221; align_md=&#8221;align-center-md&#8221; align_sm=&#8221;align-center-sm&#8221; align_xs=&#8221;align-center-xs&#8221; font_size=&#8221;36&#8243; font_size_md=&#8221;36&#8243; font_size_sm=&#8221;36&#8243; font_size_xs=&#8221;36&#8243; font_weight=&#8221;&#8221; text_color=&#8221;#092a48&#8243; description=&#8221;Follow our latest news and thoughts which focuses exclusively on design, art, vintage, and also work updates.&#8221; margin_bottom=&#8221;8&#8243;][\/vc_column_inner][vc_column_inner width=&#8221;1\/4&#8243;][\/vc_column_inner][\/vc_row_inner][cms_blog_grid cms_template=&#8221;cms_blog_grid&#8211;layout1.php&#8221; limit=&#8221;3&#8243; layout=&#8221;masonry&#8221; filter=&#8221;false&#8221; pagination_type=&#8221;loadmore&#8221; btn_loadmore_style=&#8221;loadmore-style3&#8243; col_xs=&#8221;1&#8243; col_sm=&#8221;2&#8243; col_md=&#8221;3&#8243; col_lg=&#8221;3&#8243; custom_column=&#8221;true&#8221; cms_list_column=&#8221;%5B%7B%22custom_col_xs%22%3A%221%22%2C%22custom_col_sm%22%3A%223%22%2C%22custom_col_md%22%3A%223%22%2C%22custom_col_lg%22%3A%223%22%2C%22featured_image%22%3A%22629%22%7D%2C%7B%22custom_col_xs%22%3A%221%22%2C%22custom_col_sm%22%3A%223%22%2C%22custom_col_md%22%3A%223%22%2C%22custom_col_lg%22%3A%223%22%2C%22featured_image%22%3A%22628%22%7D%2C%7B%22custom_col_xs%22%3A%221%22%2C%22custom_col_sm%22%3A%223%22%2C%22custom_col_md%22%3A%223%22%2C%22custom_col_lg%22%3A%223%22%2C%22featured_image%22%3A%22627%22%7D%5D&#8221;][\/vc_column][\/vc_row][vc_row full_width=&#8221;stretch_row&#8221; el_id=&#8221;khach-hang&#8221; css=&#8221;.vc_custom_1655709451627{padding-top: 60px !important;padding-bottom: 60px !important;}&#8221;][vc_column css=&#8221;.vc_custom_1655806108002{padding-top: 44px !important;padding-bottom: 44px !important;}&#8221;][cms_heading text=&#8221;Kh\u00e1ch h\u00e0ng&#8221; tag=&#8221;h2&#8243; font_weight=&#8221;&#8221; text_color=&#8221;#ffffff&#8221;][cms_overlay color=&#8221;gradient&#8221; flip=&#8221;vertical&#8221; width=&#8221;50&#8243;][cms_client_carousel client_item=&#8221;%5B%7B%22image%22%3A%22695%22%2C%22link%22%3A%22url%3A%2523%7C%7C%7C%22%7D%2C%7B%22image%22%3A%22694%22%2C%22link%22%3A%22url%3A%2523%7C%7C%7C%22%7D%2C%7B%22image%22%3A%22696%22%2C%22link%22%3A%22url%3A%2523%7C%7C%7C%22%7D%2C%7B%22image%22%3A%22697%22%2C%22link%22%3A%22url%3A%2523%7C%7C%7C%22%7D%2C%7B%22image%22%3A%22698%22%2C%22link%22%3A%22url%3A%2523%7C%7C%7C%22%7D%2C%7B%22image%22%3A%22699%22%2C%22link%22%3A%22url%3A%2523%7C%7C%7C%22%7D%2C%7B%22image%22%3A%22700%22%2C%22link%22%3A%22url%3A%2523%7C%7C%7C%22%7D%2C%7B%22image%22%3A%22701%22%2C%22link%22%3A%22url%3A%2523%7C%7C%7C%22%7D%5D&#8221; img_size=&#8221;full&#8221; col_xs=&#8221;2&#8243; col_sm=&#8221;3&#8243; col_md=&#8221;4&#8243; col_lg=&#8221;5&#8243; loop=&#8221;true&#8221; autoplay=&#8221;true&#8221;][\/vc_column][\/vc_row][vc_row el_id=&#8221;lien-he&#8221;][vc_column css=&#8221;.vc_custom_1658717507148{padding-top: 50px !important;padding-bottom: 50px !important;}&#8221;][vc_row_inner row_border_box=&#8221;row-border-box-lg&#8221;][vc_column_inner offset=&#8221;vc_col-lg-6 vc_col-md-6&#8243;][cms_heading text=&#8221;Li\u00ean h\u1ec7&#8221; font_size=&#8221;36&#8243; font_size_md=&#8221;36&#8243; font_size_sm=&#8221;36&#8243; font_size_xs=&#8221;30&#8243; font_weight=&#8221;&#8221; text_color=&#8221;#092a48&#8243; description=&#8221;L\u0129nh v\u1ef1c chuy\u00ean m\u00f4n: Ph\u00f2ng t\u00e2m l\u00fd Saigon chuy\u00ean tham v\u1ea5n \u2013 tr\u1ecb li\u1ec7u t\u00e2m l\u00fd v\u1edbi c\u00e1c r\u1ed1i lo\u1ea1n tr\u1ea7m c\u1ea3m, lo \u00e2u, r\u1ed1i lo\u1ea1n \u00e1m \u1ea3nh c\u01b0\u1ee1ng ch\u1ebf (OCD), stress, can thi\u1ec7p cho tr\u1ebb t\u1ef1 k\u1ef7, ch\u1eadm n\u00f3i, t\u0103ng \u0111\u1ed9ng. \u0110\u1eb7c bi\u1ec7t Psychub c\u00f2n \u0111\u00e0o t\u1ea1o v\u00e0 gi\u00e1m s\u00e1t chuy\u00ean m\u00f4n cho nh\u00e0 th\u1ef1c h\u00e0nh v\u00e0 h\u1ed7 tr\u1ee3 ch\u0103m s\u00f3c t\u00e2m l\u00fd trong doanh nghi\u1ec7p v\u00e0 t\u1ed5 ch\u1ee9c.<br \/>\nPsychub @2019 |<br \/>\n\u0110\u1ecba ch\u1ec9: 54\/4 K\u00fd Con, P Nguy\u1ec5n Th\u00e1i B\u00ecnh Q.1, TP.HCM<br \/>\nHotline: 0866 045 054<br \/>\nEmail: info@psychub.vn&#8221; margin_bottom=&#8221;24&#8243;][\/vc_column_inner][vc_column_inner offset=&#8221;vc_col-lg-6 vc_col-md-6&#8243;][cms_contact_form id=&#8221;890&#8243; form_style=&#8221;form-style3&#8243;][\/vc_column_inner][\/vc_row_inner][\/vc_column][\/vc_row]<\/p>\n<\/section>","protected":false},"excerpt":{"rendered":"<p>[vc_row el_id=&#8221;section-home&#8221;][vc_column][rev_slider_vc alias=&#8221;home&#8221; arrow_style=&#8221;style2&#8243;][\/vc_column][\/vc_row][vc_row full_width=&#8221;stretch_row&#8221; css=&#8221;.vc_custom_1533273812746{padding-top: 100px !important;padding-bottom: 30px !important;}&#8221;][vc_column width=&#8221;1\/2&#8243; css=&#8221;.vc_custom_1533273818654{padding-top: 0px !important;padding-bottom: 40px !important;}&#8221;][cms_overlay text_top=&#8221;-11.5%&#8221; text_left=&#8221;-11%&#8221; text_color=&#8221;#f7f7f8&#8243; text_font_size=&#8221;198&#8243; text=&#8221;CASE STUDY&#8221;][vc_single_image image=&#8221;595&#8243; img_size=&#8221;full&#8221; css_animation=&#8221;fadeInLeft&#8221; css=&#8221;.vc_custom_1533265282947{margin-bottom: 0px !important;}&#8221;][\/vc_column][vc_column css_animation=&#8221;none&#8221; width=&#8221;1\/2&#8243; css=&#8221;.vc_custom_1533273824006{padding-top: 40px !important;padding-bottom: 40px !important;}&#8221;][cms_heading text=&#8221;Vision to plan&#8221; font_weight=&#8221;600&#8243; text_color=&#8221;#0f2142&#8243; description=&#8221;Lorem ipsum dolor sit amet, consectetur adipiscing elit, sed do eiusmod tempor incididunt ut labore [&hellip;]<\/p>\n","protected":false},"author":1,"featured_media":1192,"parent":0,"menu_order":0,"comment_status":"closed","ping_status":"closed","template":"","meta":[],"_links":{"self":[{"href":"https:\/\/eapvietnam.com\/en\/wp-json\/wp\/v2\/pages\/864"}],"collection":[{"href":"https:\/\/eapvietnam.com\/en\/wp-json\/wp\/v2\/pages"}],"about":[{"href":"https:\/\/eapvietnam.com\/en\/wp-json\/wp\/v2\/types\/page"}],"author":[{"embeddable":true,"href":"https:\/\/eapvietnam.com\/en\/wp-json\/wp\/v2\/users\/1"}],"replies":[{"embeddable":true,"href":"https:\/\/eapvietnam.com\/en\/wp-json\/wp\/v2\/comments?post=864"}],"version-history":[{"count":22,"href":"https:\/\/eapvietnam.com\/en\/wp-json\/wp\/v2\/pages\/864\/revisions"}],"predecessor-version":[{"id":1669,"href":"https:\/\/eapvietnam.com\/en\/wp-json\/wp\/v2\/pages\/864\/revisions\/1669"}],"wp:featuredmedia":[{"embeddable":true,"href":"https:\/\/eapvietnam.com\/en\/wp-json\/wp\/v2\/media\/1192"}],"wp:attachment":[{"href":"https:\/\/eapvietnam.com\/en\/wp-json\/wp\/v2\/media?parent=864"}],"curies":[{"name":"wp","href":"https:\/\/api.w.org\/{rel}","templated":true}]}}